{"id":723,"date":"2025-12-23T12:56:53","date_gmt":"2025-12-23T15:56:53","guid":{"rendered":"https:\/\/drtiagolyrio.com\/?page_id=723"},"modified":"2026-02-04T15:48:29","modified_gmt":"2026-02-04T18:48:29","slug":"live","status":"publish","type":"page","link":"https:\/\/drtiagolyrio.com\/en\/live\/","title":{"rendered":"Live de uma Rinoplastia Secund\u00e1ria com Extrema retra\u00e7\u00e3o da Margem Alar"},"content":{"rendered":"<div data-elementor-type=\"wp-page\" data-elementor-id=\"723\" class=\"elementor elementor-723\" data-elementor-post-type=\"page\">\n\t\t\t\t<div class=\"elementor-element elementor-element-edb3af1 e-flex e-con-boxed e-con e-parent\" data-id=\"edb3af1\" data-element_type=\"container\" data-e-type=\"container\" data-settings=\"{&quot;background_background&quot;:&quot;classic&quot;}\">\n\t\t\t\t\t<div class=\"e-con-inner\">\n\t\t<div class=\"elementor-element elementor-element-29a0e1b e-flex e-con-boxed e-con e-child\" data-id=\"29a0e1b\" data-element_type=\"container\" data-e-type=\"container\">\n\t\t\t\t\t<div class=\"e-con-inner\">\n\t\t\t\t<div class=\"elementor-element elementor-element-5cb9a03 elementor-widget__width-inherit elementor-widget-mobile__width-inherit elementor-widget elementor-widget-heading\" data-id=\"5cb9a03\" data-element_type=\"widget\" data-e-type=\"widget\" data-widget_type=\"heading.default\">\n\t\t\t\t\t<h2 class=\"elementor-heading-title elementor-size-default translation-block\">Live Broadcast of a Secondary Rhinoplasty with <i>Extreme Alar Margin Retraction<\/i><\/h2>\t\t\t\t<\/div>\n\t\t\t\t\t<\/div>\n\t\t\t\t<\/div>\n\t\t\t\t<div class=\"elementor-element elementor-element-020ad03 vimeo-video elementor-widget elementor-widget-html\" data-id=\"020ad03\" data-element_type=\"widget\" data-e-type=\"widget\" data-no-translation=\"\" data-widget_type=\"html.default\">\n\t\t\t\t\t<style>.elementor-element-020ad03{display:none !important}<\/style>\t\t\t\t<\/div>\n\t\t\t\t<div class=\"elementor-element elementor-element-13466e9 vimeo-video elementor-widget elementor-widget-html\" data-id=\"13466e9\" data-element_type=\"widget\" data-e-type=\"widget\" data-no-translation=\"\" data-widget_type=\"html.default\">\n\t\t\t\t\t<iframe src=\"https:\/\/player.vimeo.com\/video\/1161552192?badge=0&amp;autopause=0&amp;player_id=0&amp;app_id=58479&badge=false&byline=false&portrait=false&title=false\" frameborder=\"0\" allow=\"autoplay; fullscreen; picture-in-picture; clipboard-write; encrypted-media; web-share\" referrerpolicy=\"strict-origin-when-cross-origin\"  title=\"Masterclass BR\"><\/iframe><script src=\"https:\/\/player.vimeo.com\/api\/player.js\"><\/script>\t\t\t\t<\/div>\n\t\t\t\t<div class=\"elementor-element elementor-element-1e6a4c8 vimeo-video elementor-widget elementor-widget-html\" data-id=\"1e6a4c8\" data-element_type=\"widget\" data-e-type=\"widget\" data-no-translation=\"\" data-widget_type=\"html.default\">\n\t\t\t\t\t<style>.elementor-element-1e6a4c8{display:none !important}<\/style>\t\t\t\t<\/div>\n\t\t<div class=\"elementor-element elementor-element-8e729d5 e-con-full e-flex e-con e-child\" data-id=\"8e729d5\" data-element_type=\"container\" data-e-type=\"container\">\n\t\t\t\t<div class=\"elementor-element elementor-element-4a7a465 elementor-widget elementor-widget-image\" data-id=\"4a7a465\" data-element_type=\"widget\" data-e-type=\"widget\" data-widget_type=\"image.default\">\n\t\t\t\t\t\t\t\t\t\t\t\t\t\t\t<img decoding=\"async\" width=\"227\" height=\"201\" src=\"https:\/\/drtiagolyrio.com\/wp-content\/uploads\/2025\/07\/logo-revision.webp\" class=\"attachment-large size-large wp-image-312\" alt=\"\" srcset=\"https:\/\/drtiagolyrio.com\/wp-content\/uploads\/2025\/07\/logo-revision.webp 227w, https:\/\/drtiagolyrio.com\/wp-content\/uploads\/2025\/07\/logo-revision-14x12.webp 14w\" sizes=\"(max-width: 227px) 100vw, 227px\" \/>\t\t\t\t\t\t\t\t\t\t\t\t\t\t\t<\/div>\n\t\t<div class=\"elementor-element elementor-element-3cc3fa6 e-con-full e-flex e-con e-child\" data-id=\"3cc3fa6\" data-element_type=\"container\" data-e-type=\"container\">\n\t\t\t\t<div class=\"elementor-element elementor-element-e8d5c35 elementor-widget__width-initial elementor-widget elementor-widget-heading\" data-id=\"e8d5c35\" data-element_type=\"widget\" data-e-type=\"widget\" data-widget_type=\"heading.default\">\n\t\t\t\t\t<div class=\"elementor-heading-title elementor-size-default translation-block\"><b>An unprecedented course <\/b>by Dr. Tiago Lyrio, after more than 10 years of anticipation.<\/div>\t\t\t\t<\/div>\n\t\t\t\t<div class=\"elementor-element elementor-element-3413f90 elementor-widget elementor-widget-text-editor\" data-id=\"3413f90\" data-element_type=\"widget\" data-e-type=\"widget\" data-widget_type=\"text-editor.default\">\n\t\t\t\t\t\t\t\t\t<p class=\"translation-block\">\ud83c\udfa5 Over 100 high-performance videos<br>\n\ud83c\udf93 Exclusive Masterclass<br>\n\ud83e\udde0 Weekly Zoom mentoring with Dr. Tiago Lyrio<br>\n\ud83d\udcac Exclusive WhatsApp group<\/p>\t\t\t\t\t\t\t\t<\/div>\n\t\t\t\t<\/div>\n\t\t\t\t<div class=\"elementor-element elementor-element-3a3a5a4 elementor-align-justify bt-orange elementor-widget__width-initial elementor-widget elementor-widget-button\" data-id=\"3a3a5a4\" data-element_type=\"widget\" data-e-type=\"widget\" data-widget_type=\"button.default\">\n\t\t\t\t\t\t\t\t\t\t<a class=\"elementor-button elementor-button-link elementor-size-sm\" href=\"https:\/\/drtiagolyrio.com\/en\/rhinoplasty-mastercraft\/\">\n\t\t\t\t\t\t<span class=\"elementor-button-content-wrapper\">\n\t\t\t\t\t\t\t\t\t<span class=\"elementor-button-text\">Join the Revision Rhinoplasty Mastercraft<\/span>\n\t\t\t\t\t<\/span>\n\t\t\t\t\t<\/a>\n\t\t\t\t\t\t\t\t<\/div>\n\t\t\t\t<\/div>\n\t\t\t\t\t<\/div>\n\t\t\t\t<\/div>\n\t\t<div class=\"elementor-element elementor-element-c0d1f7f elementor-hidden-desktop elementor-hidden-laptop elementor-hidden-tablet elementor-hidden-mobile e-flex e-con-boxed e-con e-parent\" data-id=\"c0d1f7f\" data-element_type=\"container\" data-e-type=\"container\" data-settings=\"{&quot;background_background&quot;:&quot;classic&quot;}\">\n\t\t\t\t\t<div class=\"e-con-inner\">\n\t\t<div class=\"elementor-element elementor-element-a0836fe e-con-full e-flex e-con e-child\" data-id=\"a0836fe\" data-element_type=\"container\" data-e-type=\"container\">\n\t\t\t\t<div class=\"elementor-element elementor-element-7b6c797 elementor-widget elementor-widget-heading\" data-id=\"7b6c797\" data-element_type=\"widget\" data-e-type=\"widget\" data-widget_type=\"heading.default\">\n\t\t\t\t\t<div class=\"elementor-heading-title elementor-size-default\">Immediate Access\n<\/div>\t\t\t\t<\/div>\n\t\t\t\t<div class=\"elementor-element elementor-element-f366ccd elementor-absolute e-transform elementor-widget elementor-widget-image\" data-id=\"f366ccd\" data-element_type=\"widget\" data-e-type=\"widget\" data-settings=\"{&quot;_position&quot;:&quot;absolute&quot;,&quot;_transform_rotateZ_effect&quot;:{&quot;unit&quot;:&quot;px&quot;,&quot;size&quot;:17,&quot;sizes&quot;:[]},&quot;_transform_rotateZ_effect_laptop&quot;:{&quot;unit&quot;:&quot;deg&quot;,&quot;size&quot;:&quot;&quot;,&quot;sizes&quot;:[]},&quot;_transform_rotateZ_effect_tablet&quot;:{&quot;unit&quot;:&quot;deg&quot;,&quot;size&quot;:&quot;&quot;,&quot;sizes&quot;:[]},&quot;_transform_rotateZ_effect_mobile&quot;:{&quot;unit&quot;:&quot;deg&quot;,&quot;size&quot;:&quot;&quot;,&quot;sizes&quot;:[]}}\" data-widget_type=\"image.default\">\n\t\t\t\t\t\t\t\t\t\t\t\t\t\t\t<img decoding=\"async\" width=\"120\" height=\"120\" src=\"https:\/\/drtiagolyrio.com\/wp-content\/uploads\/2025\/12\/badge.webp\" class=\"attachment-full size-full wp-image-753\" alt=\"\" srcset=\"https:\/\/drtiagolyrio.com\/wp-content\/uploads\/2025\/12\/badge.webp 120w, https:\/\/drtiagolyrio.com\/wp-content\/uploads\/2025\/12\/badge-12x12.webp 12w\" sizes=\"(max-width: 120px) 100vw, 120px\" \/>\t\t\t\t\t\t\t\t\t\t\t\t\t\t\t<\/div>\n\t\t\t\t<div class=\"elementor-element elementor-element-8a0ac71 elementor-widget elementor-widget-image\" data-id=\"8a0ac71\" data-element_type=\"widget\" data-e-type=\"widget\" data-widget_type=\"image.default\">\n\t\t\t\t\t\t\t\t\t\t\t\t\t\t\t<img fetchpriority=\"high\" decoding=\"async\" width=\"1024\" height=\"575\" src=\"https:\/\/drtiagolyrio.com\/wp-content\/uploads\/2026\/01\/WhatsApp-Image-2026-01-08-at-17.51.03-1024x575.jpeg\" class=\"attachment-large size-large wp-image-796\" alt=\"\" srcset=\"https:\/\/drtiagolyrio.com\/wp-content\/uploads\/2026\/01\/WhatsApp-Image-2026-01-08-at-17.51.03-1024x575.jpeg 1024w, https:\/\/drtiagolyrio.com\/wp-content\/uploads\/2026\/01\/WhatsApp-Image-2026-01-08-at-17.51.03-300x169.jpeg 300w, https:\/\/drtiagolyrio.com\/wp-content\/uploads\/2026\/01\/WhatsApp-Image-2026-01-08-at-17.51.03-768x432.jpeg 768w, https:\/\/drtiagolyrio.com\/wp-content\/uploads\/2026\/01\/WhatsApp-Image-2026-01-08-at-17.51.03-1536x863.jpeg 1536w, https:\/\/drtiagolyrio.com\/wp-content\/uploads\/2026\/01\/WhatsApp-Image-2026-01-08-at-17.51.03-18x10.jpeg 18w, https:\/\/drtiagolyrio.com\/wp-content\/uploads\/2026\/01\/WhatsApp-Image-2026-01-08-at-17.51.03.jpeg 1600w\" sizes=\"(max-width: 1024px) 100vw, 1024px\" \/>\t\t\t\t\t\t\t\t\t\t\t\t\t\t\t<\/div>\n\t\t\t\t<div class=\"elementor-element elementor-element-b8a518b elementor-widget elementor-widget-heading\" data-id=\"b8a518b\" data-element_type=\"widget\" data-e-type=\"widget\" data-widget_type=\"heading.default\">\n\t\t\t\t\t<div class=\"elementor-heading-title elementor-size-default\">Broadcast of a Secondary Rhinoplasty Surgery<\/div>\t\t\t\t<\/div>\n\t\t\t\t<div class=\"elementor-element elementor-element-d5ffafa elementor-widget elementor-widget-heading\" data-id=\"d5ffafa\" data-element_type=\"widget\" data-e-type=\"widget\" data-widget_type=\"heading.default\">\n\t\t\t\t\t<div class=\"elementor-heading-title elementor-size-default\">Get access to the replay of one of Dr. Tiago Lyrio\u2019s surgeries.\n<\/div>\t\t\t\t<\/div>\n\t\t\t\t<div class=\"elementor-element elementor-element-0d702c7 elementor-align-left bt-orange elementor-widget elementor-widget-button\" data-id=\"0d702c7\" data-element_type=\"widget\" data-e-type=\"widget\" data-widget_type=\"button.default\">\n\t\t\t\t\t\t\t\t\t\t<a class=\"elementor-button elementor-button-link elementor-size-sm\" href=\"https:\/\/pay.hotmart.com\/P100450362H\" target=\"_blank\" rel=\"nofollow\">\n\t\t\t\t\t\t<span class=\"elementor-button-content-wrapper\">\n\t\t\t\t\t\t\t\t\t<span class=\"elementor-button-text\">Join the VIP Group<\/span>\n\t\t\t\t\t<\/span>\n\t\t\t\t\t<\/a>\n\t\t\t\t\t\t\t\t<\/div>\n\t\t\t\t<\/div>\n\t\t<div class=\"elementor-element elementor-element-88f514d e-con-full e-flex e-con e-child\" data-id=\"88f514d\" data-element_type=\"container\" data-e-type=\"container\">\n\t\t\t\t<div class=\"elementor-element elementor-element-bd18701 elementor-widget elementor-widget-heading\" data-id=\"bd18701\" data-element_type=\"widget\" data-e-type=\"widget\" data-widget_type=\"heading.default\">\n\t\t\t\t\t<div class=\"elementor-heading-title elementor-size-default\">Online and Free\n <\/div>\t\t\t\t<\/div>\n\t\t\t\t<div class=\"elementor-element elementor-element-6be75cb elementor-widget elementor-widget-image\" data-id=\"6be75cb\" data-element_type=\"widget\" data-e-type=\"widget\" data-widget_type=\"image.default\">\n\t\t\t\t\t\t\t\t\t\t\t\t\t\t\t<img loading=\"lazy\" decoding=\"async\" width=\"556\" height=\"313\" src=\"https:\/\/drtiagolyrio.com\/wp-content\/uploads\/2026\/01\/1-EN.webp\" class=\"attachment-large size-large wp-image-780\" alt=\"\" srcset=\"https:\/\/drtiagolyrio.com\/wp-content\/uploads\/2026\/01\/1-EN.webp 556w, https:\/\/drtiagolyrio.com\/wp-content\/uploads\/2026\/01\/1-EN-300x169.webp 300w, https:\/\/drtiagolyrio.com\/wp-content\/uploads\/2026\/01\/1-EN-18x10.webp 18w\" sizes=\"(max-width: 556px) 100vw, 556px\" \/>\t\t\t\t\t\t\t\t\t\t\t\t\t\t\t<\/div>\n\t\t\t\t<div class=\"elementor-element elementor-element-ffcf0a5 elementor-widget elementor-widget-heading\" data-id=\"ffcf0a5\" data-element_type=\"widget\" data-e-type=\"widget\" data-widget_type=\"heading.default\">\n\t\t\t\t\t<div class=\"elementor-heading-title elementor-size-default\">How to decide without guesswork in revision cases\n<\/div>\t\t\t\t<\/div>\n\t\t\t\t<div class=\"elementor-element elementor-element-a40ff91 elementor-widget elementor-widget-heading\" data-id=\"a40ff91\" data-element_type=\"widget\" data-e-type=\"widget\" data-widget_type=\"heading.default\">\n\t\t\t\t\t<div class=\"elementor-heading-title elementor-size-default\">January 31st (Mid) at 1 PM (Brazil Time) \n<\/div>\t\t\t\t<\/div>\n\t\t\t\t<div class=\"elementor-element elementor-element-7be823d elementor-widget elementor-widget-heading\" data-id=\"7be823d\" data-element_type=\"widget\" data-e-type=\"widget\" data-widget_type=\"heading.default\">\n\t\t\t\t\t<div class=\"elementor-heading-title elementor-size-default\">The logic behind critical decisions in secondary rhinoplasty.<\/div>\t\t\t\t<\/div>\n\t\t\t\t<div class=\"elementor-element elementor-element-2a053d5 elementor-align-left bt-orange elementor-widget elementor-widget-button\" data-id=\"2a053d5\" data-element_type=\"widget\" data-e-type=\"widget\" data-widget_type=\"button.default\">\n\t\t\t\t\t\t\t\t\t\t<a class=\"elementor-button elementor-button-link elementor-size-sm\" href=\"https:\/\/chat.whatsapp.com\/CQiTqOQxc9hBzYNE01HCyt\" target=\"_blank\" rel=\"nofollow\">\n\t\t\t\t\t\t<span class=\"elementor-button-content-wrapper\">\n\t\t\t\t\t\t\t\t\t<span class=\"elementor-button-text\">Confirm Attendance<\/span>\n\t\t\t\t\t<\/span>\n\t\t\t\t\t<\/a>\n\t\t\t\t\t\t\t\t<\/div>\n\t\t\t\t<\/div>\n\t\t<div class=\"elementor-element elementor-element-109e753 e-con-full e-flex e-con e-child\" data-id=\"109e753\" data-element_type=\"container\" data-e-type=\"container\">\n\t\t\t\t<div class=\"elementor-element elementor-element-bae4341 elementor-widget elementor-widget-heading\" data-id=\"bae4341\" data-element_type=\"widget\" data-e-type=\"widget\" data-widget_type=\"heading.default\">\n\t\t\t\t\t<div class=\"elementor-heading-title elementor-size-default\">Online and Free\n <\/div>\t\t\t\t<\/div>\n\t\t\t\t<div class=\"elementor-element elementor-element-abd78a0 elementor-widget elementor-widget-image\" data-id=\"abd78a0\" data-element_type=\"widget\" data-e-type=\"widget\" data-widget_type=\"image.default\">\n\t\t\t\t\t\t\t\t\t\t\t\t\t\t\t<img loading=\"lazy\" decoding=\"async\" width=\"556\" height=\"313\" src=\"https:\/\/drtiagolyrio.com\/wp-content\/uploads\/2026\/01\/2-EN.webp\" class=\"attachment-large size-large wp-image-783\" alt=\"\" srcset=\"https:\/\/drtiagolyrio.com\/wp-content\/uploads\/2026\/01\/2-EN.webp 556w, https:\/\/drtiagolyrio.com\/wp-content\/uploads\/2026\/01\/2-EN-300x169.webp 300w, https:\/\/drtiagolyrio.com\/wp-content\/uploads\/2026\/01\/2-EN-18x10.webp 18w\" sizes=\"(max-width: 556px) 100vw, 556px\" \/>\t\t\t\t\t\t\t\t\t\t\t\t\t\t\t<\/div>\n\t\t\t\t<div class=\"elementor-element elementor-element-2f70ce7 elementor-widget elementor-widget-heading\" data-id=\"2f70ce7\" data-element_type=\"widget\" data-e-type=\"widget\" data-widget_type=\"heading.default\">\n\t\t\t\t\t<div class=\"elementor-heading-title elementor-size-default\">What changed in my practice after the Revision Rhinoplasty Mastercraft \n<\/div>\t\t\t\t<\/div>\n\t\t\t\t<div class=\"elementor-element elementor-element-469bdbb elementor-widget elementor-widget-heading\" data-id=\"469bdbb\" data-element_type=\"widget\" data-e-type=\"widget\" data-widget_type=\"heading.default\">\n\t\t\t\t\t<div class=\"elementor-heading-title elementor-size-default\">Feb 5th at 9 PM (Bras\u00edlia Time)<\/div>\t\t\t\t<\/div>\n\t\t\t\t<div class=\"elementor-element elementor-element-f70630e elementor-widget elementor-widget-heading\" data-id=\"f70630e\" data-element_type=\"widget\" data-e-type=\"widget\" data-widget_type=\"heading.default\">\n\t\t\t\t\t<div class=\"elementor-heading-title elementor-size-default\">The Method Behind Predictability in Revisions.\n<\/div>\t\t\t\t<\/div>\n\t\t\t\t<div class=\"elementor-element elementor-element-3e2fbdc elementor-align-left bt-orange elementor-widget elementor-widget-button\" data-id=\"3e2fbdc\" data-element_type=\"widget\" data-e-type=\"widget\" data-widget_type=\"button.default\">\n\t\t\t\t\t\t\t\t\t\t<a class=\"elementor-button elementor-button-link elementor-size-sm\" href=\"https:\/\/chat.whatsapp.com\/CQiTqOQxc9hBzYNE01HCyt\" target=\"_blank\" rel=\"nofollow\">\n\t\t\t\t\t\t<span class=\"elementor-button-content-wrapper\">\n\t\t\t\t\t\t\t\t\t<span class=\"elementor-button-text\">Confirm Attendance<\/span>\n\t\t\t\t\t<\/span>\n\t\t\t\t\t<\/a>\n\t\t\t\t\t\t\t\t<\/div>\n\t\t\t\t<\/div>\n\t\t\t\t\t<\/div>\n\t\t\t\t<\/div>\n\t\t<div class=\"elementor-element elementor-element-546d967 e-flex e-con-boxed e-con e-parent\" data-id=\"546d967\" data-element_type=\"container\" data-e-type=\"container\" data-settings=\"{&quot;background_background&quot;:&quot;classic&quot;}\">\n\t\t\t\t\t<div class=\"e-con-inner\">\n\t\t<div class=\"elementor-element elementor-element-b698b56 e-con-full e-flex e-con e-child\" data-id=\"b698b56\" data-element_type=\"container\" data-e-type=\"container\">\n\t\t\t\t<div class=\"elementor-element elementor-element-a994b69 elementor-widget elementor-widget-image\" data-id=\"a994b69\" data-element_type=\"widget\" data-e-type=\"widget\" data-widget_type=\"image.default\">\n\t\t\t\t\t\t\t\t\t\t\t\t\t\t\t<img loading=\"lazy\" decoding=\"async\" width=\"576\" height=\"840\" src=\"https:\/\/drtiagolyrio.com\/wp-content\/uploads\/2025\/07\/dr-lyrio.webp\" class=\"attachment-large size-large wp-image-302\" alt=\"\" srcset=\"https:\/\/drtiagolyrio.com\/wp-content\/uploads\/2025\/07\/dr-lyrio.webp 576w, https:\/\/drtiagolyrio.com\/wp-content\/uploads\/2025\/07\/dr-lyrio-206x300.webp 206w, https:\/\/drtiagolyrio.com\/wp-content\/uploads\/2025\/07\/dr-lyrio-8x12.webp 8w\" sizes=\"(max-width: 576px) 100vw, 576px\" \/>\t\t\t\t\t\t\t\t\t\t\t\t\t\t\t<\/div>\n\t\t\t\t<\/div>\n\t\t<div class=\"elementor-element elementor-element-ed473be e-con-full e-flex e-con e-child\" data-id=\"ed473be\" data-element_type=\"container\" data-e-type=\"container\">\n\t\t\t\t<div class=\"elementor-element elementor-element-c582930 elementor-widget elementor-widget-heading\" data-id=\"c582930\" data-element_type=\"widget\" data-e-type=\"widget\" data-widget_type=\"heading.default\">\n\t\t\t\t\t<h2 class=\"elementor-heading-title elementor-size-default translation-block\">Who is <b>Dr. Tiago Lyrio?<\/b><\/h2>\t\t\t\t<\/div>\n\t\t\t\t<div class=\"elementor-element elementor-element-3de3882 elementor-widget__width-initial elementor-widget elementor-widget-text-editor\" data-id=\"3de3882\" data-element_type=\"widget\" data-e-type=\"widget\" data-widget_type=\"text-editor.default\">\n\t\t\t\t\t\t\t\t\t<p class=\"translation-block\"><b>International Reference in Structural and Ultrasonic Rhinoplasty<\/b><\/p>\t\t\t\t\t\t\t\t<\/div>\n\t\t\t\t<div class=\"elementor-element elementor-element-4b239b6 elementor-widget elementor-widget-text-editor\" data-id=\"4b239b6\" data-element_type=\"widget\" data-e-type=\"widget\" data-widget_type=\"text-editor.default\">\n\t\t\t\t\t\t\t\t\t<p class=\"translation-block\">With solid training from the traditional <b>Ivo Pitanguy Institute<\/b>, Dr. Tiago Lyrio is currently one of the most respected names in plastic surgery in Brazil \u2014 and a global reference in advanced rhinoplasty.<\/p><p class=\"translation-block\">His constant pursuit of excellence led him to high-level <b>international specializations<\/b>, such as training in minimally invasive surgery at Mount Sinai Hospital in New York, and advanced rhinoplasty training with Dr. Nazim Cerkes in Istanbul, one of the biggest names in global rhinoplasty.<\/p><p>Dr. Lyrio performs over 200 rhinoplasties per year, adopting the most modern structural and ultrasonic techniques to ensure precise, safe, and natural results.<\/p><p>His individualized approach and artistic eye have made him known for transforming not only faces but also the self-esteem of his patients.<\/p><p>Recognized for his ethical, technical, and scientific work, he is a member of some of the main international medical societies:<\/p><ul><li class=\"translation-block\">Brazilian Society of Plastic Surgery (SBCP)<\/li><li>International Society of Aesthetic Plastic Surgery (ISAPS)<strong>ISAPS<\/strong>)<\/li><li class=\"translation-block\">The Rhinoplasty Society (USA)<\/li><li>Rhinoplasty Society of Europe<\/li><\/ul><p class=\"translation-block\">In addition to clinical practice, Dr. Tiago also stands out as a <b>speaker at national and international congresses,<\/b> actively contributing to the advancement of rhinoplasty worldwide.<\/p><p>Whether in Brazil or abroad, his name is directly associated with surgical precision, technical innovation, and humanized care.<\/p>\t\t\t\t\t\t\t\t<\/div>\n\t\t\t\t<\/div>\n\t\t\t\t\t<\/div>\n\t\t\t\t<\/div>\n\t\t<div class=\"elementor-element elementor-element-7792f6a e-flex e-con-boxed e-con e-parent\" data-id=\"7792f6a\" data-element_type=\"container\" data-e-type=\"container\" data-settings=\"{&quot;background_background&quot;:&quot;classic&quot;}\">\n\t\t\t\t\t<div class=\"e-con-inner\">\n\t\t\t\t<div class=\"elementor-element elementor-element-2aa5386 elementor-position-top elementor-widget elementor-widget-image-box\" data-id=\"2aa5386\" data-element_type=\"widget\" data-e-type=\"widget\" data-widget_type=\"image-box.default\">\n\t\t\t\t\t<div class=\"elementor-image-box-wrapper\"><figure class=\"elementor-image-box-img\"><img loading=\"lazy\" decoding=\"async\" width=\"184\" height=\"268\" src=\"https:\/\/drtiagolyrio.com\/wp-content\/uploads\/2025\/05\/atendimento.png\" class=\"attachment-full size-full wp-image-26\" alt=\"\" \/><\/figure><div class=\"elementor-image-box-content\"><h2 class=\"elementor-image-box-title translation-block\">Have a <b>question<\/b>?<\/h2><p class=\"elementor-image-box-description\">Our concierge, Luciana, is ready to help you.<br>\nClick the button and speak directly with her.<\/p><\/div><\/div>\t\t\t\t<\/div>\n\t\t\t\t<div class=\"elementor-element elementor-element-13dfee9 elementor-align-center bt-orange elementor-widget elementor-widget-button\" data-id=\"13dfee9\" data-element_type=\"widget\" data-e-type=\"widget\" data-widget_type=\"button.default\">\n\t\t\t\t\t\t\t\t\t\t<a class=\"elementor-button elementor-button-link elementor-size-sm\" href=\"https:\/\/wa.me\/556198509631\" target=\"_blank\" rel=\"nofollow\">\n\t\t\t\t\t\t<span class=\"elementor-button-content-wrapper\">\n\t\t\t\t\t\t\t\t\t<span class=\"elementor-button-text\">Speak with Luciana<\/span>\n\t\t\t\t\t<\/span>\n\t\t\t\t\t<\/a>\n\t\t\t\t\t\t\t\t<\/div>\n\t\t\t\t\t<\/div>\n\t\t\t\t<\/div>\n\t\t\t\t<\/div>","protected":false},"excerpt":{"rendered":"<p>Transmiss\u00e3o de uma Rinoplastia Secund\u00e1ria com Extrema retra\u00e7\u00e3o da Margem Alar Curso in\u00e9dito do Dr. Tiago Lyrio, ap\u00f3s mais de 10 anos de espera. \ud83c\udfa5 + de 100 v\u00eddeos em alta performance\ud83c\udf93 Masterclass exclusiva\ud83e\udde0 Mentoria semanal no Zoom com o Dr. Tiago Lyrio\ud83d\udcac Grupo exclusivo no WhatsApp Entrar para o Revision Rhinoplasty Mastercraft Acesso Imediato [&hellip;]<\/p>\n","protected":false},"author":1,"featured_media":0,"parent":0,"menu_order":0,"comment_status":"closed","ping_status":"closed","template":"","meta":{"_acf_changed":false,"inline_featured_image":false,"footnotes":""},"class_list":["post-723","page","type-page","status-publish","hentry"],"acf":[],"_links":{"self":[{"href":"https:\/\/drtiagolyrio.com\/en\/wp-json\/wp\/v2\/pages\/723","targetHints":{"allow":["GET"]}}],"collection":[{"href":"https:\/\/drtiagolyrio.com\/en\/wp-json\/wp\/v2\/pages"}],"about":[{"href":"https:\/\/drtiagolyrio.com\/en\/wp-json\/wp\/v2\/types\/page"}],"author":[{"embeddable":true,"href":"https:\/\/drtiagolyrio.com\/en\/wp-json\/wp\/v2\/users\/1"}],"replies":[{"embeddable":true,"href":"https:\/\/drtiagolyrio.com\/en\/wp-json\/wp\/v2\/comments?post=723"}],"version-history":[{"count":75,"href":"https:\/\/drtiagolyrio.com\/en\/wp-json\/wp\/v2\/pages\/723\/revisions"}],"predecessor-version":[{"id":853,"href":"https:\/\/drtiagolyrio.com\/en\/wp-json\/wp\/v2\/pages\/723\/revisions\/853"}],"wp:attachment":[{"href":"https:\/\/drtiagolyrio.com\/en\/wp-json\/wp\/v2\/media?parent=723"}],"curies":[{"name":"wp","href":"https:\/\/api.w.org\/{rel}","templated":true}]}}