{"id":233,"date":"2025-07-03T13:16:03","date_gmt":"2025-07-03T16:16:03","guid":{"rendered":"https:\/\/drtiagolyrio.com\/?page_id=233"},"modified":"2026-01-08T17:18:38","modified_gmt":"2026-01-08T20:18:38","slug":"proximos-passos","status":"publish","type":"page","link":"https:\/\/drtiagolyrio.com\/es\/congresso-online\/proximos-passos\/","title":{"rendered":"Pr\u00f3ximos Passos"},"content":{"rendered":"<div data-elementor-type=\"wp-page\" data-elementor-id=\"233\" class=\"elementor elementor-233\" data-elementor-post-type=\"page\">\n\t\t\t\t<div class=\"elementor-element elementor-element-2d71d44 elementor-hidden-desktop elementor-hidden-laptop elementor-hidden-tablet e-flex e-con-boxed e-con e-parent\" data-id=\"2d71d44\" data-element_type=\"container\" data-e-type=\"container\" data-settings=\"{&quot;background_background&quot;:&quot;classic&quot;}\">\n\t\t\t\t\t<div class=\"e-con-inner\">\n\t\t\t\t<div class=\"elementor-element elementor-element-45e496c elementor-widget elementor-widget-image\" data-id=\"45e496c\" data-element_type=\"widget\" data-e-type=\"widget\" data-widget_type=\"image.default\">\n\t\t\t\t\t\t\t\t\t\t\t\t\t\t\t<img fetchpriority=\"high\" decoding=\"async\" width=\"767\" height=\"591\" src=\"https:\/\/drtiagolyrio.com\/wp-content\/uploads\/2025\/07\/bg-mob.jpg\" class=\"attachment-full size-full wp-image-271\" alt=\"\" srcset=\"https:\/\/drtiagolyrio.com\/wp-content\/uploads\/2025\/07\/bg-mob.jpg 767w, https:\/\/drtiagolyrio.com\/wp-content\/uploads\/2025\/07\/bg-mob-300x231.jpg 300w, https:\/\/drtiagolyrio.com\/wp-content\/uploads\/2025\/07\/bg-mob-16x12.jpg 16w\" sizes=\"(max-width: 767px) 100vw, 767px\" \/>\t\t\t\t\t\t\t\t\t\t\t\t\t\t\t<\/div>\n\t\t\t\t\t<\/div>\n\t\t\t\t<\/div>\n\t\t<div class=\"elementor-element elementor-element-e59a827 e-flex e-con-boxed e-con e-parent\" data-id=\"e59a827\" data-element_type=\"container\" data-e-type=\"container\" data-settings=\"{&quot;background_background&quot;:&quot;classic&quot;}\">\n\t\t\t\t\t<div class=\"e-con-inner\">\n\t\t<div class=\"elementor-element elementor-element-d34eb9d e-con-full e-flex e-con e-child\" data-id=\"d34eb9d\" data-element_type=\"container\" data-e-type=\"container\">\n\t\t\t\t<div class=\"elementor-element elementor-element-d50a0d2 b-is-yellow elementor-widget elementor-widget-heading\" data-id=\"d50a0d2\" data-element_type=\"widget\" data-e-type=\"widget\" data-widget_type=\"heading.default\">\n\t\t\t\t\t<h1 class=\"elementor-heading-title elementor-size-default\">\u00a1Bienvenidos a la transmisi\u00f3n de una Rinoplastia Secundaria con retracci\u00f3n extrema del margen alar con el Dr. Tiago Lyrio!<\/h1>\t\t\t\t<\/div>\n\t\t\t\t<div class=\"elementor-element elementor-element-1192e6c elementor-position-inline-start elementor-widget__width-initial elementor-widget-tablet__width-inherit elementor-view-default elementor-mobile-position-block-start elementor-widget elementor-widget-icon-box\" data-id=\"1192e6c\" data-element_type=\"widget\" data-e-type=\"widget\" data-widget_type=\"icon-box.default\">\n\t\t\t\t\t\t\t<div class=\"elementor-icon-box-wrapper\">\n\n\t\t\t\t\t\t<div class=\"elementor-icon-box-icon\">\n\t\t\t\t<span  class=\"elementor-icon\">\n\t\t\t\t<svg xmlns=\"http:\/\/www.w3.org\/2000\/svg\" width=\"26\" height=\"26\" fill=\"none\"><path fill=\"#fff\" d=\"M19.975 5.367h-2.1V3.84c0-.283-.249-.554-.541-.541a.553.553 0 0 0-.542.541v1.526H9.209V3.84c0-.283-.25-.554-.542-.541a.55.55 0 0 0-.542.541v1.526h-2.1a2.71 2.71 0 0 0-2.708 2.708v11.917A2.71 2.71 0 0 0 6.026 22.7h13.948a2.71 2.71 0 0 0 2.708-2.708V8.075a2.71 2.71 0 0 0-2.707-2.708M6.025 6.45h2.1v.641c0 .284.25.555.542.542a.55.55 0 0 0 .542-.542v-.64h7.583v.64c0 .284.25.555.542.542a.55.55 0 0 0 .541-.542v-.64h2.099c.896 0 1.625.728 1.625 1.624v1.716H4.4V8.075c0-.896.729-1.625 1.625-1.625m13.95 15.167H6.025c-.895 0-1.624-.73-1.624-1.625v-9.118h17.198v9.118a1.625 1.625 0 0 1-1.624 1.625\"><\/path><\/svg>\t\t\t\t<\/span>\n\t\t\t<\/div>\n\t\t\t\n\t\t\t\t\t\t<div class=\"elementor-icon-box-content\">\n\n\t\t\t\t\t\t\t\t\t<h3 class=\"elementor-icon-box-title\">\n\t\t\t\t\t\t<span  >\n\t\t\t\t\t\t\tClase 100% online y gratuita, el 7 de febrero, a las 12:00 (hora de Brasilia).\t\t\t\t\t\t<\/span>\n\t\t\t\t\t<\/h3>\n\t\t\t\t\n\t\t\t\t\t\t\t\t\t<p class=\"elementor-icon-box-description\">\n\t\t\t\t\t\t<a href=\"https:\/\/drive.google.com\/drive\/folders\/1a1jeB2EDgdl-6hYB4s9tciCC8CbFn5g6?usp=sharing\" target=\"_blank\">Haz clic aqu\u00ed para saber la hora en tu pa\u00eds.<\/a>\t\t\t\t\t<\/p>\n\t\t\t\t\n\t\t\t<\/div>\n\t\t\t\n\t\t<\/div>\n\t\t\t\t\t\t<\/div>\n\t\t<div class=\"elementor-element elementor-element-f1e9e64 e-con-full e-flex e-con e-child\" data-id=\"f1e9e64\" data-element_type=\"container\" data-e-type=\"container\">\n\t\t\t\t<div class=\"elementor-element elementor-element-38be8a4 elementor-widget-divider--view-line elementor-widget elementor-widget-divider\" data-id=\"38be8a4\" data-element_type=\"widget\" data-e-type=\"widget\" data-widget_type=\"divider.default\">\n\t\t\t\t\t\t\t<div class=\"elementor-divider\">\n\t\t\t<span class=\"elementor-divider-separator\">\n\t\t\t\t\t\t<\/span>\n\t\t<\/div>\n\t\t\t\t\t\t<\/div>\n\t\t<div class=\"elementor-element elementor-element-e67a553 e-con-full e-flex e-con e-child\" data-id=\"e67a553\" data-element_type=\"container\" data-e-type=\"container\">\n\t\t\t\t<div class=\"elementor-element elementor-element-7954205 elementor-widget__width-initial elementor-widget-tablet__width-inherit elementor-widget elementor-widget-heading\" data-id=\"7954205\" data-element_type=\"widget\" data-e-type=\"widget\" data-widget_type=\"heading.default\">\n\t\t\t\t\t<h3 class=\"elementor-heading-title elementor-size-default\">Pero antes...<\/h3>\t\t\t\t<\/div>\n\t\t<div class=\"elementor-element elementor-element-0b69286 e-con-full e-flex e-con e-child\" data-id=\"0b69286\" data-element_type=\"container\" data-e-type=\"container\" data-settings=\"{&quot;background_background&quot;:&quot;gradient&quot;}\">\n\t\t\t\t<div class=\"elementor-element elementor-element-5c6ca1c elementor-view-default elementor-position-block-start elementor-mobile-position-block-start elementor-widget elementor-widget-icon-box\" data-id=\"5c6ca1c\" data-element_type=\"widget\" data-e-type=\"widget\" data-widget_type=\"icon-box.default\">\n\t\t\t\t\t\t\t<div class=\"elementor-icon-box-wrapper\">\n\n\t\t\t\t\t\t<div class=\"elementor-icon-box-icon\">\n\t\t\t\t<span  class=\"elementor-icon\">\n\t\t\t\t<svg xmlns=\"http:\/\/www.w3.org\/2000\/svg\" width=\"50\" height=\"50\" fill=\"none\"><path fill=\"#FF3636\" d=\"M50 25c0 13.807-11.193 25-25 25S0 38.807 0 25 11.193 0 25 0s25 11.193 25 25\"><\/path><path fill=\"#fff\" d=\"M29.455 19.82h-.117l-1.56 2.847-.234-.624 2.626-3.731h1.82v11.089q0 .285.052.533.064.247.234.442.182.195.507.338.325.13.845.195V31q-.312-.026-.69-.039-.363-.026-.74-.026a22 22 0 0 0-.754-.013 19 19 0 0 0-1.391 0q-.403 0-.832.013-.415 0-.82.026-.402.013-.714.039v-.091q.572-.065.91-.195.351-.143.533-.338a.97.97 0 0 0 .26-.442q.065-.247.065-.533zM21.73 31.13q-1.34 0-2.302-.507a4.6 4.6 0 0 1-1.585-1.404 6.3 6.3 0 0 1-.91-2.054q-.287-1.17-.287-2.496 0-1.21.3-2.366.311-1.17.948-2.08.65-.923 1.639-1.482.987-.56 2.352-.559 1.326 0 2.25.546.936.547 1.534 1.456.598.897.87 2.067.273 1.17.273 2.418 0 1.131-.299 2.288a6.6 6.6 0 0 1-.91 2.08 4.9 4.9 0 0 1-1.573 1.508q-.961.585-2.3.585m-2.535-6.474q0 1.131.09 2.262.104 1.118.378 2.015.285.897.78 1.456.494.56 1.287.559.792 0 1.287-.559.494-.56.767-1.456.285-.897.39-2.015a24.7 24.7 0 0 0 0-4.511 9.6 9.6 0 0 0-.39-2.015q-.273-.897-.767-1.443-.495-.56-1.287-.559-.794 0-1.288.559-.493.546-.78 1.443-.272.897-.377 2.015-.09 1.118-.09 2.249\"><\/path><\/svg>\t\t\t\t<\/span>\n\t\t\t<\/div>\n\t\t\t\n\t\t\t\t\t\t<div class=\"elementor-icon-box-content\">\n\n\t\t\t\t\t\t\t\t\t<h3 class=\"elementor-icon-box-title\">\n\t\t\t\t\t\t<span  >\n\t\t\t\t\t\t\t\u00danete al grupo de WhatsApp\t\t\t\t\t\t<\/span>\n\t\t\t\t\t<\/h3>\n\t\t\t\t\n\t\t\t\t\t\t\t\t\t<p class=\"elementor-icon-box-description\">\n\t\t\t\t\t\tParticipa en el grupo gratuito de WhatsApp para recibir m\u00e1s informaci\u00f3n sobre el congreso.\n\t\t\t\t\t<\/p>\n\t\t\t\t\n\t\t\t<\/div>\n\t\t\t\n\t\t<\/div>\n\t\t\t\t\t\t<\/div>\n\t\t\t\t<div class=\"elementor-element elementor-element-4167753 elementor-align-justify elementor-widget elementor-widget-button\" data-id=\"4167753\" data-element_type=\"widget\" data-e-type=\"widget\" data-widget_type=\"button.default\">\n\t\t\t\t\t\t\t\t\t\t<a class=\"elementor-button elementor-button-link elementor-size-sm\" href=\"https:\/\/chat.whatsapp.com\/I3AQ13MMA5VAIXQATnR0hs\" target=\"_blank\" rel=\"nofollow\">\n\t\t\t\t\t\t<span class=\"elementor-button-content-wrapper\">\n\t\t\t\t\t\t<span class=\"elementor-button-icon\">\n\t\t\t\t<svg aria-hidden=\"true\" class=\"e-font-icon-svg e-fab-whatsapp\" viewbox=\"0 0 448 512\" xmlns=\"http:\/\/www.w3.org\/2000\/svg\"><path d=\"M380.9 97.1C339 55.1 283.2 32 223.9 32c-122.4 0-222 99.6-222 222 0 39.1 10.2 77.3 29.6 111L0 480l117.7-30.9c32.4 17.7 68.9 27 106.1 27h.1c122.3 0 224.1-99.6 224.1-222 0-59.3-25.2-115-67.1-157zm-157 341.6c-33.2 0-65.7-8.9-94-25.7l-6.7-4-69.8 18.3L72 359.2l-4.4-7c-18.5-29.4-28.2-63.3-28.2-98.2 0-101.7 82.8-184.5 184.6-184.5 49.3 0 95.6 19.2 130.4 54.1 34.8 34.9 56.2 81.2 56.1 130.5 0 101.8-84.9 184.6-186.6 184.6zm101.2-138.2c-5.5-2.8-32.8-16.2-37.9-18-5.1-1.9-8.8-2.8-12.5 2.8-3.7 5.6-14.3 18-17.6 21.8-3.2 3.7-6.5 4.2-12 1.4-32.6-16.3-54-29.1-75.5-66-5.7-9.8 5.7-9.1 16.3-30.3 1.8-3.7.9-6.9-.5-9.7-1.4-2.8-12.5-30.1-17.1-41.2-4.5-10.8-9.1-9.3-12.5-9.5-3.2-.2-6.9-.2-10.6-.2-3.7 0-9.7 1.4-14.8 6.9-5.1 5.6-19.4 19-19.4 46.3 0 27.3 19.9 53.7 22.6 57.4 2.8 3.7 39.1 59.7 94.8 83.8 35.2 15.2 49 16.5 66.6 13.9 10.7-1.6 32.8-13.4 37.4-26.4 4.6-13 4.6-24.1 3.2-26.4-1.3-2.5-5-3.9-10.5-6.6z\"><\/path><\/svg>\t\t\t<\/span>\n\t\t\t\t\t\t\t\t\t<span class=\"elementor-button-text\">Unirme al grupo<\/span>\n\t\t\t\t\t<\/span>\n\t\t\t\t\t<\/a>\n\t\t\t\t\t\t\t\t<\/div>\n\t\t\t\t<\/div>\n\t\t<div class=\"elementor-element elementor-element-936e514 e-con-full e-flex e-con e-child\" data-id=\"936e514\" data-element_type=\"container\" data-e-type=\"container\" data-settings=\"{&quot;background_background&quot;:&quot;gradient&quot;}\">\n\t\t\t\t<div class=\"elementor-element elementor-element-2ab83a4 elementor-view-default elementor-position-block-start elementor-mobile-position-block-start elementor-widget elementor-widget-icon-box\" data-id=\"2ab83a4\" data-element_type=\"widget\" data-e-type=\"widget\" data-widget_type=\"icon-box.default\">\n\t\t\t\t\t\t\t<div class=\"elementor-icon-box-wrapper\">\n\n\t\t\t\t\t\t<div class=\"elementor-icon-box-icon\">\n\t\t\t\t<span  class=\"elementor-icon\">\n\t\t\t\t<svg xmlns=\"http:\/\/www.w3.org\/2000\/svg\" width=\"50\" height=\"50\" fill=\"none\"><path fill=\"#FF3636\" d=\"M50 25c0 13.807-11.193 25-25 25S0 38.807 0 25 11.193 0 25 0s25 11.193 25 25\"><\/path><path fill=\"#fff\" d=\"m26.518 30.844 1.885-2.249q.585-.69 1.26-1.469.676-.793 1.249-1.651.584-.87.962-1.794.39-.923.39-1.898 0-.637-.195-1.118a2.249 2.249 0 0 0-1.352-1.313 2.8 2.8 0 0 0-.988-.169q-.469 0-.91.143a3.284 3.284 0 0 0-1.508 1.04q-.287.364-.468.793l-.17-.078q.221-.676.677-1.209a4.6 4.6 0 0 1 1.053-.91 5 5 0 0 1 1.287-.572 4.75 4.75 0 0 1 2.86.026q.689.22 1.196.663.52.429.819 1.053t.299 1.404q0 .598-.17 1.144a5 5 0 0 1-.454 1.027q-.274.48-.65.923-.378.442-.806.845-.599.56-1.235 1.053-.637.48-1.21.884-.559.39-1 .702-.443.3-.65.52l6.513-.637L34.695 31h-8.177zM20.839 31.13q-1.34 0-2.301-.507a4.6 4.6 0 0 1-1.586-1.404 6.3 6.3 0 0 1-.91-2.054q-.285-1.17-.286-2.496 0-1.21.299-2.366.312-1.17.949-2.08.65-.923 1.638-1.482.988-.56 2.353-.559 1.326 0 2.249.546.936.547 1.534 1.456a6.3 6.3 0 0 1 .87 2.067q.274 1.17.274 2.418 0 1.131-.3 2.288a6.6 6.6 0 0 1-.91 2.08 4.9 4.9 0 0 1-1.572 1.508q-.962.585-2.301.585m-2.535-6.474q0 1.131.09 2.262.105 1.118.378 2.015.285.897.78 1.456.494.56 1.287.559.794 0 1.287-.559.494-.56.767-1.456.285-.897.39-2.015a24.7 24.7 0 0 0 0-4.511 9.6 9.6 0 0 0-.39-2.015q-.273-.897-.767-1.443-.495-.56-1.287-.559-.793 0-1.287.559-.495.546-.78 1.443-.273.897-.377 2.015-.09 1.118-.091 2.249\"><\/path><\/svg>\t\t\t\t<\/span>\n\t\t\t<\/div>\n\t\t\t\n\t\t\t\t\t\t<div class=\"elementor-icon-box-content\">\n\n\t\t\t\t\t\t\t\t\t<h3 class=\"elementor-icon-box-title\">\n\t\t\t\t\t\t<span  >\n\t\t\t\t\t\t\tRevisa tu correo electr\u00f3nico\t\t\t\t\t\t<\/span>\n\t\t\t\t\t<\/h3>\n\t\t\t\t\n\t\t\t\t\t\t\t\t\t<p class=\"elementor-icon-box-description translation-block\">Tambi\u00e9n recibiste un correo electr\u00f3nico con instrucciones importantes sobre el congreso. Es <b>fundamental <\/b>que lo abras y revises la nueva informaci\u00f3n que te envi\u00e9 all\u00ed.<\/p>\n\t\t\t\t\n\t\t\t<\/div>\n\t\t\t\n\t\t<\/div>\n\t\t\t\t\t\t<\/div>\n\t\t<div class=\"elementor-element elementor-element-36a8ef8 e-con-full e-flex e-con e-child\" data-id=\"36a8ef8\" data-element_type=\"container\" data-e-type=\"container\">\n\t\t\t\t<div class=\"elementor-element elementor-element-f785c89 elementor-widget elementor-widget-image\" data-id=\"f785c89\" data-element_type=\"widget\" data-e-type=\"widget\" data-widget_type=\"image.default\">\n\t\t\t\t\t\t\t\t\t\t\t\t\t\t\t\t<a href=\"https:\/\/mail.google.com\/\" target=\"_blank\" rel=\"nofollow\">\n\t\t\t\t\t\t\t<img decoding=\"async\" width=\"34\" height=\"25\" src=\"https:\/\/drtiagolyrio.com\/wp-content\/uploads\/2025\/07\/logos_google-gmail.svg\" class=\"attachment-large size-large wp-image-239\" alt=\"\" \/>\t\t\t\t\t\t\t\t<\/a>\n\t\t\t\t\t\t\t\t\t\t\t\t\t\t\t<\/div>\n\t\t\t\t<div class=\"elementor-element elementor-element-305b8e4 elementor-widget elementor-widget-image\" data-id=\"305b8e4\" data-element_type=\"widget\" data-e-type=\"widget\" data-widget_type=\"image.default\">\n\t\t\t\t\t\t\t\t\t\t\t\t\t\t\t\t<a href=\"https:\/\/mail.yahoo.com\/\" target=\"_blank\" rel=\"nofollow\">\n\t\t\t\t\t\t\t<img decoding=\"async\" width=\"33\" height=\"29\" src=\"https:\/\/drtiagolyrio.com\/wp-content\/uploads\/2025\/07\/Group-168.svg\" class=\"attachment-large size-large wp-image-237\" alt=\"\" \/>\t\t\t\t\t\t\t\t<\/a>\n\t\t\t\t\t\t\t\t\t\t\t\t\t\t\t<\/div>\n\t\t\t\t<div class=\"elementor-element elementor-element-0962149 elementor-widget elementor-widget-image\" data-id=\"0962149\" data-element_type=\"widget\" data-e-type=\"widget\" data-widget_type=\"image.default\">\n\t\t\t\t\t\t\t\t\t\t\t\t\t\t\t\t<a href=\"https:\/\/outlook.live.com\/mail\/\" target=\"_blank\" rel=\"nofollow\">\n\t\t\t\t\t\t\t<img loading=\"lazy\" decoding=\"async\" width=\"34\" height=\"34\" src=\"https:\/\/drtiagolyrio.com\/wp-content\/uploads\/2025\/07\/vscode-icons_file-type-outlook.svg\" class=\"attachment-large size-large wp-image-241\" alt=\"\" \/>\t\t\t\t\t\t\t\t<\/a>\n\t\t\t\t\t\t\t\t\t\t\t\t\t\t\t<\/div>\n\t\t\t\t<\/div>\n\t\t\t\t<\/div>\n\t\t\t\t<\/div>\n\t\t\t\t<\/div>\n\t\t\t\t<\/div>\n\t\t\t\t\t<\/div>\n\t\t\t\t<\/div>\n\t\t<div class=\"elementor-element elementor-element-e46f69b e-flex e-con-boxed e-con e-parent\" data-id=\"e46f69b\" data-element_type=\"container\" data-e-type=\"container\" data-settings=\"{&quot;background_background&quot;:&quot;classic&quot;}\">\n\t\t\t\t\t<div class=\"e-con-inner\">\n\t\t\t\t<div class=\"elementor-element elementor-element-e0e330a elementor-widget elementor-widget-icon-box\" data-id=\"e0e330a\" data-element_type=\"widget\" data-e-type=\"widget\" data-widget_type=\"icon-box.default\">\n\t\t\t\t\t\t\t<div class=\"elementor-icon-box-wrapper\">\n\n\t\t\t\n\t\t\t\t\t\t<div class=\"elementor-icon-box-content\">\n\n\t\t\t\t\t\t\t\t\t<h3 class=\"elementor-icon-box-title\">\n\t\t\t\t\t\t<span  >\n\t\t\t\t\t\t\t\u00bfQuieres la Experiencia VIP?\t\t\t\t\t\t<\/span>\n\t\t\t\t\t<\/h3>\n\t\t\t\t\n\t\t\t\t\t\t\t\t\t<p class=\"elementor-icon-box-description\">\n\t\t\t\t\t\tAcceso al grupo VIP en WhatsApp con informaci\u00f3n privilegiada.\t\t\t\t\t<\/p>\n\t\t\t\t\n\t\t\t<\/div>\n\t\t\t\n\t\t<\/div>\n\t\t\t\t\t\t<\/div>\n\t\t\t\t<div class=\"elementor-element elementor-element-30c56ac elementor-align-justify elementor-widget elementor-widget-button\" data-id=\"30c56ac\" data-element_type=\"widget\" data-e-type=\"widget\" data-widget_type=\"button.default\">\n\t\t\t\t\t\t\t\t\t\t<a class=\"elementor-button elementor-button-link elementor-size-sm\" href=\"https:\/\/link.drtiagolyrio.com\/Elite-Medical-Group\" target=\"_blank\" rel=\"nofollow\">\n\t\t\t\t\t\t<span class=\"elementor-button-content-wrapper\">\n\t\t\t\t\t\t\t\t\t<span class=\"elementor-button-text\"><img decoding=\"async\" src=\"https:\/\/drtiagolyrio.com\/wp-content\/uploads\/2025\/07\/Group-173.png\"> Comprar Boleto VIP Ahora <img decoding=\"async\" src=\"https:\/\/drtiagolyrio.com\/wp-content\/uploads\/2025\/07\/Group-173.png\"><\/span>\n\t\t\t\t\t<\/span>\n\t\t\t\t\t<\/a>\n\t\t\t\t\t\t\t\t<\/div>\n\t\t\t\t\t<\/div>\n\t\t\t\t<\/div>\n\t\t\t\t<\/div>","protected":false},"excerpt":{"rendered":"<p>Bem-vindo \u00e0 transmiss\u00e3o de uma Rinoplastia Secund\u00e1ria com extrema retra\u00e7\u00e3o da margem alar com o Dr. Tiago Lyrio! Aula 100% online e gratuita, no dia 07 de fevereiro, \u00e0s 12h (hor\u00e1rio de Bras\u00edlia). Clique aqui para saber o hor\u00e1rio no seu pa\u00eds Mas antes&#8230; Entre no grupo do WhatsApp Participe do grupo gratuito no WhatsApp [&hellip;]<\/p>\n","protected":false},"author":1,"featured_media":0,"parent":94,"menu_order":0,"comment_status":"closed","ping_status":"closed","template":"","meta":{"_acf_changed":false,"inline_featured_image":false,"footnotes":""},"class_list":["post-233","page","type-page","status-publish","hentry"],"acf":[],"_links":{"self":[{"href":"https:\/\/drtiagolyrio.com\/es\/wp-json\/wp\/v2\/pages\/233","targetHints":{"allow":["GET"]}}],"collection":[{"href":"https:\/\/drtiagolyrio.com\/es\/wp-json\/wp\/v2\/pages"}],"about":[{"href":"https:\/\/drtiagolyrio.com\/es\/wp-json\/wp\/v2\/types\/page"}],"author":[{"embeddable":true,"href":"https:\/\/drtiagolyrio.com\/es\/wp-json\/wp\/v2\/users\/1"}],"replies":[{"embeddable":true,"href":"https:\/\/drtiagolyrio.com\/es\/wp-json\/wp\/v2\/comments?post=233"}],"version-history":[{"count":37,"href":"https:\/\/drtiagolyrio.com\/es\/wp-json\/wp\/v2\/pages\/233\/revisions"}],"predecessor-version":[{"id":792,"href":"https:\/\/drtiagolyrio.com\/es\/wp-json\/wp\/v2\/pages\/233\/revisions\/792"}],"up":[{"embeddable":true,"href":"https:\/\/drtiagolyrio.com\/es\/wp-json\/wp\/v2\/pages\/94"}],"wp:attachment":[{"href":"https:\/\/drtiagolyrio.com\/es\/wp-json\/wp\/v2\/media?parent=233"}],"curies":[{"name":"wp","href":"https:\/\/api.w.org\/{rel}","templated":true}]}}