{"id":723,"date":"2025-12-23T12:56:53","date_gmt":"2025-12-23T15:56:53","guid":{"rendered":"https:\/\/drtiagolyrio.com\/?page_id=723"},"modified":"2026-02-04T15:48:29","modified_gmt":"2026-02-04T18:48:29","slug":"live","status":"publish","type":"page","link":"https:\/\/drtiagolyrio.com\/es\/live\/","title":{"rendered":"Live de uma Rinoplastia Secund\u00e1ria com Extrema retra\u00e7\u00e3o da Margem Alar"},"content":{"rendered":"<div data-elementor-type=\"wp-page\" data-elementor-id=\"723\" class=\"elementor elementor-723\" data-elementor-post-type=\"page\">\n\t\t\t\t<div class=\"elementor-element elementor-element-edb3af1 e-flex e-con-boxed e-con e-parent\" data-id=\"edb3af1\" data-element_type=\"container\" data-e-type=\"container\" data-settings=\"{&quot;background_background&quot;:&quot;classic&quot;}\">\n\t\t\t\t\t<div class=\"e-con-inner\">\n\t\t<div class=\"elementor-element elementor-element-29a0e1b e-flex e-con-boxed e-con e-child\" data-id=\"29a0e1b\" data-element_type=\"container\" data-e-type=\"container\">\n\t\t\t\t\t<div class=\"e-con-inner\">\n\t\t\t\t<div class=\"elementor-element elementor-element-5cb9a03 elementor-widget__width-inherit elementor-widget-mobile__width-inherit elementor-widget elementor-widget-heading\" data-id=\"5cb9a03\" data-element_type=\"widget\" data-e-type=\"widget\" data-widget_type=\"heading.default\">\n\t\t\t\t\t<h2 class=\"elementor-heading-title elementor-size-default translation-block\">Transmisi\u00f3n de una Rinoplastia Secundaria con <i>Extrema Retracci\u00f3n del Borde Alar<\/i><\/h2>\t\t\t\t<\/div>\n\t\t\t\t\t<\/div>\n\t\t\t\t<\/div>\n\t\t\t\t<div class=\"elementor-element elementor-element-020ad03 vimeo-video elementor-widget elementor-widget-html\" data-id=\"020ad03\" data-element_type=\"widget\" data-e-type=\"widget\" data-no-translation=\"\" data-widget_type=\"html.default\">\n\t\t\t\t\t<style>.elementor-element-020ad03{display:none !important}<\/style>\t\t\t\t<\/div>\n\t\t\t\t<div class=\"elementor-element elementor-element-13466e9 vimeo-video elementor-widget elementor-widget-html\" data-id=\"13466e9\" data-element_type=\"widget\" data-e-type=\"widget\" data-no-translation=\"\" data-widget_type=\"html.default\">\n\t\t\t\t\t<style>.elementor-element-13466e9{display:none !important}<\/style>\t\t\t\t<\/div>\n\t\t\t\t<div class=\"elementor-element elementor-element-1e6a4c8 vimeo-video elementor-widget elementor-widget-html\" data-id=\"1e6a4c8\" data-element_type=\"widget\" data-e-type=\"widget\" data-no-translation=\"\" data-widget_type=\"html.default\">\n\t\t\t\t\t<iframe src=\"https:\/\/player.vimeo.com\/video\/1161545956?badge=0&amp;autopause=0&amp;player_id=0&amp;app_id=58479&badge=false&byline=false&portrait=false&title=false\" frameborder=\"0\" allow=\"autoplay; fullscreen; picture-in-picture; clipboard-write; encrypted-media; web-share\" referrerpolicy=\"strict-origin-when-cross-origin\"  title=\"Masterclass BR\"><\/iframe><script src=\"https:\/\/player.vimeo.com\/api\/player.js\"><\/script>\t\t\t\t<\/div>\n\t\t<div class=\"elementor-element elementor-element-8e729d5 e-con-full e-flex e-con e-child\" data-id=\"8e729d5\" data-element_type=\"container\" data-e-type=\"container\">\n\t\t\t\t<div class=\"elementor-element elementor-element-4a7a465 elementor-widget elementor-widget-image\" data-id=\"4a7a465\" data-element_type=\"widget\" data-e-type=\"widget\" data-widget_type=\"image.default\">\n\t\t\t\t\t\t\t\t\t\t\t\t\t\t\t<img decoding=\"async\" width=\"227\" height=\"201\" src=\"https:\/\/drtiagolyrio.com\/wp-content\/uploads\/2025\/07\/logo-revision.webp\" class=\"attachment-large size-large wp-image-312\" alt=\"\" srcset=\"https:\/\/drtiagolyrio.com\/wp-content\/uploads\/2025\/07\/logo-revision.webp 227w, https:\/\/drtiagolyrio.com\/wp-content\/uploads\/2025\/07\/logo-revision-14x12.webp 14w\" sizes=\"(max-width: 227px) 100vw, 227px\" \/>\t\t\t\t\t\t\t\t\t\t\t\t\t\t\t<\/div>\n\t\t<div class=\"elementor-element elementor-element-3cc3fa6 e-con-full e-flex e-con e-child\" data-id=\"3cc3fa6\" data-element_type=\"container\" data-e-type=\"container\">\n\t\t\t\t<div class=\"elementor-element elementor-element-e8d5c35 elementor-widget__width-initial elementor-widget elementor-widget-heading\" data-id=\"e8d5c35\" data-element_type=\"widget\" data-e-type=\"widget\" data-widget_type=\"heading.default\">\n\t\t\t\t\t<div class=\"elementor-heading-title elementor-size-default translation-block\"><b>Curso in\u00e9dito<\/b> del Dr. Tiago Lyrio, tras m\u00e1s de 10 a\u00f1os de espera.<\/div>\t\t\t\t<\/div>\n\t\t\t\t<div class=\"elementor-element elementor-element-3413f90 elementor-widget elementor-widget-text-editor\" data-id=\"3413f90\" data-element_type=\"widget\" data-e-type=\"widget\" data-widget_type=\"text-editor.default\">\n\t\t\t\t\t\t\t\t\t<p class=\"translation-block\">\ud83c\udfa5 M\u00e1s de 100 videos de alto rendimiento<br>\n\ud83c\udf93 Masterclass exclusiva<br>\n\ud83e\udde0 Mentor\u00eda semanal por Zoom con el Dr. Tiago Lyrio<br>\n\ud83d\udcac Grupo exclusivo de WhatsApp<br><\/p>\t\t\t\t\t\t\t\t<\/div>\n\t\t\t\t<\/div>\n\t\t\t\t<div class=\"elementor-element elementor-element-3a3a5a4 elementor-align-justify bt-orange elementor-widget__width-initial elementor-widget elementor-widget-button\" data-id=\"3a3a5a4\" data-element_type=\"widget\" data-e-type=\"widget\" data-widget_type=\"button.default\">\n\t\t\t\t\t\t\t\t\t\t<a class=\"elementor-button elementor-button-link elementor-size-sm\" href=\"https:\/\/drtiagolyrio.com\/es\/rhinoplasty-mastercraft\/\">\n\t\t\t\t\t\t<span class=\"elementor-button-content-wrapper\">\n\t\t\t\t\t\t\t\t\t<span class=\"elementor-button-text\">\u00danete al Revision Rhinoplasty Mastercraft<\/span>\n\t\t\t\t\t<\/span>\n\t\t\t\t\t<\/a>\n\t\t\t\t\t\t\t\t<\/div>\n\t\t\t\t<\/div>\n\t\t\t\t\t<\/div>\n\t\t\t\t<\/div>\n\t\t<div class=\"elementor-element elementor-element-c0d1f7f elementor-hidden-desktop elementor-hidden-laptop elementor-hidden-tablet elementor-hidden-mobile e-flex e-con-boxed e-con e-parent\" data-id=\"c0d1f7f\" data-element_type=\"container\" data-e-type=\"container\" data-settings=\"{&quot;background_background&quot;:&quot;classic&quot;}\">\n\t\t\t\t\t<div class=\"e-con-inner\">\n\t\t<div class=\"elementor-element elementor-element-a0836fe e-con-full e-flex e-con e-child\" data-id=\"a0836fe\" data-element_type=\"container\" data-e-type=\"container\">\n\t\t\t\t<div class=\"elementor-element elementor-element-7b6c797 elementor-widget elementor-widget-heading\" data-id=\"7b6c797\" data-element_type=\"widget\" data-e-type=\"widget\" data-widget_type=\"heading.default\">\n\t\t\t\t\t<div class=\"elementor-heading-title elementor-size-default\">Acceso Inmediato\n<\/div>\t\t\t\t<\/div>\n\t\t\t\t<div class=\"elementor-element elementor-element-f366ccd elementor-absolute e-transform elementor-widget elementor-widget-image\" data-id=\"f366ccd\" data-element_type=\"widget\" data-e-type=\"widget\" data-settings=\"{&quot;_position&quot;:&quot;absolute&quot;,&quot;_transform_rotateZ_effect&quot;:{&quot;unit&quot;:&quot;px&quot;,&quot;size&quot;:17,&quot;sizes&quot;:[]},&quot;_transform_rotateZ_effect_laptop&quot;:{&quot;unit&quot;:&quot;deg&quot;,&quot;size&quot;:&quot;&quot;,&quot;sizes&quot;:[]},&quot;_transform_rotateZ_effect_tablet&quot;:{&quot;unit&quot;:&quot;deg&quot;,&quot;size&quot;:&quot;&quot;,&quot;sizes&quot;:[]},&quot;_transform_rotateZ_effect_mobile&quot;:{&quot;unit&quot;:&quot;deg&quot;,&quot;size&quot;:&quot;&quot;,&quot;sizes&quot;:[]}}\" data-widget_type=\"image.default\">\n\t\t\t\t\t\t\t\t\t\t\t\t\t\t\t<img decoding=\"async\" width=\"120\" height=\"120\" src=\"https:\/\/drtiagolyrio.com\/wp-content\/uploads\/2025\/12\/badge.webp\" class=\"attachment-full size-full wp-image-753\" alt=\"\" srcset=\"https:\/\/drtiagolyrio.com\/wp-content\/uploads\/2025\/12\/badge.webp 120w, https:\/\/drtiagolyrio.com\/wp-content\/uploads\/2025\/12\/badge-12x12.webp 12w\" sizes=\"(max-width: 120px) 100vw, 120px\" \/>\t\t\t\t\t\t\t\t\t\t\t\t\t\t\t<\/div>\n\t\t\t\t<div class=\"elementor-element elementor-element-8a0ac71 elementor-widget elementor-widget-image\" data-id=\"8a0ac71\" data-element_type=\"widget\" data-e-type=\"widget\" data-widget_type=\"image.default\">\n\t\t\t\t\t\t\t\t\t\t\t\t\t\t\t<img fetchpriority=\"high\" decoding=\"async\" width=\"1024\" height=\"575\" src=\"https:\/\/drtiagolyrio.com\/wp-content\/uploads\/2026\/01\/WhatsApp-Image-2026-01-08-at-17.51.03-1024x575.jpeg\" class=\"attachment-large size-large wp-image-796\" alt=\"\" srcset=\"https:\/\/drtiagolyrio.com\/wp-content\/uploads\/2026\/01\/WhatsApp-Image-2026-01-08-at-17.51.03-1024x575.jpeg 1024w, https:\/\/drtiagolyrio.com\/wp-content\/uploads\/2026\/01\/WhatsApp-Image-2026-01-08-at-17.51.03-300x169.jpeg 300w, https:\/\/drtiagolyrio.com\/wp-content\/uploads\/2026\/01\/WhatsApp-Image-2026-01-08-at-17.51.03-768x432.jpeg 768w, https:\/\/drtiagolyrio.com\/wp-content\/uploads\/2026\/01\/WhatsApp-Image-2026-01-08-at-17.51.03-1536x863.jpeg 1536w, https:\/\/drtiagolyrio.com\/wp-content\/uploads\/2026\/01\/WhatsApp-Image-2026-01-08-at-17.51.03-18x10.jpeg 18w, https:\/\/drtiagolyrio.com\/wp-content\/uploads\/2026\/01\/WhatsApp-Image-2026-01-08-at-17.51.03.jpeg 1600w\" sizes=\"(max-width: 1024px) 100vw, 1024px\" \/>\t\t\t\t\t\t\t\t\t\t\t\t\t\t\t<\/div>\n\t\t\t\t<div class=\"elementor-element elementor-element-b8a518b elementor-widget elementor-widget-heading\" data-id=\"b8a518b\" data-element_type=\"widget\" data-e-type=\"widget\" data-widget_type=\"heading.default\">\n\t\t\t\t\t<div class=\"elementor-heading-title elementor-size-default\">Transmisi\u00f3n de una cirug\u00eda de rinoplastia secundaria<\/div>\t\t\t\t<\/div>\n\t\t\t\t<div class=\"elementor-element elementor-element-d5ffafa elementor-widget elementor-widget-heading\" data-id=\"d5ffafa\" data-element_type=\"widget\" data-e-type=\"widget\" data-widget_type=\"heading.default\">\n\t\t\t\t\t<div class=\"elementor-heading-title elementor-size-default\">Acceda a la repetici\u00f3n de una de las cirug\u00edas del Dr. Tiago Lyrio.\n<\/div>\t\t\t\t<\/div>\n\t\t\t\t<div class=\"elementor-element elementor-element-0d702c7 elementor-align-left bt-orange elementor-widget elementor-widget-button\" data-id=\"0d702c7\" data-element_type=\"widget\" data-e-type=\"widget\" data-widget_type=\"button.default\">\n\t\t\t\t\t\t\t\t\t\t<a class=\"elementor-button elementor-button-link elementor-size-sm\" href=\"https:\/\/pay.hotmart.com\/P100450362H\" target=\"_blank\" rel=\"nofollow\">\n\t\t\t\t\t\t<span class=\"elementor-button-content-wrapper\">\n\t\t\t\t\t\t\t\t\t<span class=\"elementor-button-text\">Formar parte del Grupo VIP<\/span>\n\t\t\t\t\t<\/span>\n\t\t\t\t\t<\/a>\n\t\t\t\t\t\t\t\t<\/div>\n\t\t\t\t<\/div>\n\t\t<div class=\"elementor-element elementor-element-88f514d e-con-full e-flex e-con e-child\" data-id=\"88f514d\" data-element_type=\"container\" data-e-type=\"container\">\n\t\t\t\t<div class=\"elementor-element elementor-element-bd18701 elementor-widget elementor-widget-heading\" data-id=\"bd18701\" data-element_type=\"widget\" data-e-type=\"widget\" data-widget_type=\"heading.default\">\n\t\t\t\t\t<div class=\"elementor-heading-title elementor-size-default\">Online y Gratuito\n <\/div>\t\t\t\t<\/div>\n\t\t\t\t<div class=\"elementor-element elementor-element-6be75cb elementor-widget elementor-widget-image\" data-id=\"6be75cb\" data-element_type=\"widget\" data-e-type=\"widget\" data-widget_type=\"image.default\">\n\t\t\t\t\t\t\t\t\t\t\t\t\t\t\t<img loading=\"lazy\" decoding=\"async\" width=\"556\" height=\"313\" src=\"https:\/\/drtiagolyrio.com\/wp-content\/uploads\/2026\/01\/1-ES.webp\" class=\"attachment-large size-large wp-image-780\" alt=\"\" srcset=\"https:\/\/drtiagolyrio.com\/wp-content\/uploads\/2026\/01\/1-ES.webp 556w, https:\/\/drtiagolyrio.com\/wp-content\/uploads\/2026\/01\/1-ES-300x169.webp 300w, https:\/\/drtiagolyrio.com\/wp-content\/uploads\/2026\/01\/1-ES-18x10.webp 18w\" sizes=\"(max-width: 556px) 100vw, 556px\" \/>\t\t\t\t\t\t\t\t\t\t\t\t\t\t\t<\/div>\n\t\t\t\t<div class=\"elementor-element elementor-element-ffcf0a5 elementor-widget elementor-widget-heading\" data-id=\"ffcf0a5\" data-element_type=\"widget\" data-e-type=\"widget\" data-widget_type=\"heading.default\">\n\t\t\t\t\t<div class=\"elementor-heading-title elementor-size-default\">C\u00f3mo decidir sin improvisaciones en casos de revisi\u00f3n\n<\/div>\t\t\t\t<\/div>\n\t\t\t\t<div class=\"elementor-element elementor-element-a40ff91 elementor-widget elementor-widget-heading\" data-id=\"a40ff91\" data-element_type=\"widget\" data-e-type=\"widget\" data-widget_type=\"heading.default\">\n\t\t\t\t\t<div class=\"elementor-heading-title elementor-size-default\">31 de enero (Medio) a las 13:00 (Hora de Brasil) \n<\/div>\t\t\t\t<\/div>\n\t\t\t\t<div class=\"elementor-element elementor-element-7be823d elementor-widget elementor-widget-heading\" data-id=\"7be823d\" data-element_type=\"widget\" data-e-type=\"widget\" data-widget_type=\"heading.default\">\n\t\t\t\t\t<div class=\"elementor-heading-title elementor-size-default\">La l\u00f3gica detr\u00e1s de las decisiones cr\u00edticas en la rinoplastia secundaria.<\/div>\t\t\t\t<\/div>\n\t\t\t\t<div class=\"elementor-element elementor-element-2a053d5 elementor-align-left bt-orange elementor-widget elementor-widget-button\" data-id=\"2a053d5\" data-element_type=\"widget\" data-e-type=\"widget\" data-widget_type=\"button.default\">\n\t\t\t\t\t\t\t\t\t\t<a class=\"elementor-button elementor-button-link elementor-size-sm\" href=\"https:\/\/chat.whatsapp.com\/I3AQ13MMA5VAIXQATnR0hs\" target=\"_blank\" rel=\"nofollow\">\n\t\t\t\t\t\t<span class=\"elementor-button-content-wrapper\">\n\t\t\t\t\t\t\t\t\t<span class=\"elementor-button-text\">Confirmar Asistencia<\/span>\n\t\t\t\t\t<\/span>\n\t\t\t\t\t<\/a>\n\t\t\t\t\t\t\t\t<\/div>\n\t\t\t\t<\/div>\n\t\t<div class=\"elementor-element elementor-element-109e753 e-con-full e-flex e-con e-child\" data-id=\"109e753\" data-element_type=\"container\" data-e-type=\"container\">\n\t\t\t\t<div class=\"elementor-element elementor-element-bae4341 elementor-widget elementor-widget-heading\" data-id=\"bae4341\" data-element_type=\"widget\" data-e-type=\"widget\" data-widget_type=\"heading.default\">\n\t\t\t\t\t<div class=\"elementor-heading-title elementor-size-default\">Online y Gratuito\n <\/div>\t\t\t\t<\/div>\n\t\t\t\t<div class=\"elementor-element elementor-element-abd78a0 elementor-widget elementor-widget-image\" data-id=\"abd78a0\" data-element_type=\"widget\" data-e-type=\"widget\" data-widget_type=\"image.default\">\n\t\t\t\t\t\t\t\t\t\t\t\t\t\t\t<img loading=\"lazy\" decoding=\"async\" width=\"556\" height=\"313\" src=\"https:\/\/drtiagolyrio.com\/wp-content\/uploads\/2026\/01\/2-ES.webp\" class=\"attachment-large size-large wp-image-783\" alt=\"\" srcset=\"https:\/\/drtiagolyrio.com\/wp-content\/uploads\/2026\/01\/2-ES.webp 556w, https:\/\/drtiagolyrio.com\/wp-content\/uploads\/2026\/01\/2-ES-300x169.webp 300w, https:\/\/drtiagolyrio.com\/wp-content\/uploads\/2026\/01\/2-ES-18x10.webp 18w\" sizes=\"(max-width: 556px) 100vw, 556px\" \/>\t\t\t\t\t\t\t\t\t\t\t\t\t\t\t<\/div>\n\t\t\t\t<div class=\"elementor-element elementor-element-2f70ce7 elementor-widget elementor-widget-heading\" data-id=\"2f70ce7\" data-element_type=\"widget\" data-e-type=\"widget\" data-widget_type=\"heading.default\">\n\t\t\t\t\t<div class=\"elementor-heading-title elementor-size-default\">Qu\u00e9 cambi\u00f3 en mi pr\u00e1ctica tras el Revision Rhinoplasty Mastercraft \n<\/div>\t\t\t\t<\/div>\n\t\t\t\t<div class=\"elementor-element elementor-element-469bdbb elementor-widget elementor-widget-heading\" data-id=\"469bdbb\" data-element_type=\"widget\" data-e-type=\"widget\" data-widget_type=\"heading.default\">\n\t\t\t\t\t<div class=\"elementor-heading-title elementor-size-default\">05 de feb a las 21:00 (Hora de Brasil)<\/div>\t\t\t\t<\/div>\n\t\t\t\t<div class=\"elementor-element elementor-element-f70630e elementor-widget elementor-widget-heading\" data-id=\"f70630e\" data-element_type=\"widget\" data-e-type=\"widget\" data-widget_type=\"heading.default\">\n\t\t\t\t\t<div class=\"elementor-heading-title elementor-size-default\">El M\u00e9todo detr\u00e1s de la Previsibilidad en Revisiones.\n<\/div>\t\t\t\t<\/div>\n\t\t\t\t<div class=\"elementor-element elementor-element-3e2fbdc elementor-align-left bt-orange elementor-widget elementor-widget-button\" data-id=\"3e2fbdc\" data-element_type=\"widget\" data-e-type=\"widget\" data-widget_type=\"button.default\">\n\t\t\t\t\t\t\t\t\t\t<a class=\"elementor-button elementor-button-link elementor-size-sm\" href=\"https:\/\/chat.whatsapp.com\/I3AQ13MMA5VAIXQATnR0hs\" target=\"_blank\" rel=\"nofollow\">\n\t\t\t\t\t\t<span class=\"elementor-button-content-wrapper\">\n\t\t\t\t\t\t\t\t\t<span class=\"elementor-button-text\">Confirmar Asistencia<\/span>\n\t\t\t\t\t<\/span>\n\t\t\t\t\t<\/a>\n\t\t\t\t\t\t\t\t<\/div>\n\t\t\t\t<\/div>\n\t\t\t\t\t<\/div>\n\t\t\t\t<\/div>\n\t\t<div class=\"elementor-element elementor-element-546d967 e-flex e-con-boxed e-con e-parent\" data-id=\"546d967\" data-element_type=\"container\" data-e-type=\"container\" data-settings=\"{&quot;background_background&quot;:&quot;classic&quot;}\">\n\t\t\t\t\t<div class=\"e-con-inner\">\n\t\t<div class=\"elementor-element elementor-element-b698b56 e-con-full e-flex e-con e-child\" data-id=\"b698b56\" data-element_type=\"container\" data-e-type=\"container\">\n\t\t\t\t<div class=\"elementor-element elementor-element-a994b69 elementor-widget elementor-widget-image\" data-id=\"a994b69\" data-element_type=\"widget\" data-e-type=\"widget\" data-widget_type=\"image.default\">\n\t\t\t\t\t\t\t\t\t\t\t\t\t\t\t<img loading=\"lazy\" decoding=\"async\" width=\"576\" height=\"840\" src=\"https:\/\/drtiagolyrio.com\/wp-content\/uploads\/2025\/07\/dr-lyrio.webp\" class=\"attachment-large size-large wp-image-302\" alt=\"\" srcset=\"https:\/\/drtiagolyrio.com\/wp-content\/uploads\/2025\/07\/dr-lyrio.webp 576w, https:\/\/drtiagolyrio.com\/wp-content\/uploads\/2025\/07\/dr-lyrio-206x300.webp 206w, https:\/\/drtiagolyrio.com\/wp-content\/uploads\/2025\/07\/dr-lyrio-8x12.webp 8w\" sizes=\"(max-width: 576px) 100vw, 576px\" \/>\t\t\t\t\t\t\t\t\t\t\t\t\t\t\t<\/div>\n\t\t\t\t<\/div>\n\t\t<div class=\"elementor-element elementor-element-ed473be e-con-full e-flex e-con e-child\" data-id=\"ed473be\" data-element_type=\"container\" data-e-type=\"container\">\n\t\t\t\t<div class=\"elementor-element elementor-element-c582930 elementor-widget elementor-widget-heading\" data-id=\"c582930\" data-element_type=\"widget\" data-e-type=\"widget\" data-widget_type=\"heading.default\">\n\t\t\t\t\t<h2 class=\"elementor-heading-title elementor-size-default translation-block\">\u00bfQui\u00e9n es el<b> Dr. Tiago Lyrio?<\/b><\/h2>\t\t\t\t<\/div>\n\t\t\t\t<div class=\"elementor-element elementor-element-3de3882 elementor-widget__width-initial elementor-widget elementor-widget-text-editor\" data-id=\"3de3882\" data-element_type=\"widget\" data-e-type=\"widget\" data-widget_type=\"text-editor.default\">\n\t\t\t\t\t\t\t\t\t<p class=\"translation-block\"><b>Referencia Internacional en Rinoplastia Estructurada y Ultras\u00f3nica<\/b><\/p>\t\t\t\t\t\t\t\t<\/div>\n\t\t\t\t<div class=\"elementor-element elementor-element-4b239b6 elementor-widget elementor-widget-text-editor\" data-id=\"4b239b6\" data-element_type=\"widget\" data-e-type=\"widget\" data-widget_type=\"text-editor.default\">\n\t\t\t\t\t\t\t\t\t<p class=\"translation-block\">Con una s\u00f3lida formaci\u00f3n en el tradicional <b>Instituto Ivo Pitanguy<\/b>, el Dr. Tiago Lyrio es hoy uno de los nombres m\u00e1s respetados de la cirug\u00eda pl\u00e1stica en Brasil y una referencia mundial en rinoplastia avanzada.<\/p><p class=\"translation-block\">Su b\u00fasqueda constante por la excelencia lo llev\u00f3 a <b>especializaciones internacionales<\/b> de alto nivel, como el entrenamiento en cirug\u00eda m\u00ednimamente invasiva en el Mount Sinai Hospital, en Nueva York, y el perfeccionamiento en rinoplastia con el Dr. Nazim Cerkes, en Estambul, uno de los mayores nombres de la rinoplastia mundial.<\/p><p>El Dr. Lyrio realiza m\u00e1s de 200 rinoplastias al a\u00f1o, adoptando las m\u00e1s modernas t\u00e9cnicas estructuradas y ultras\u00f3nicas para garantizar resultados precisos, seguros y naturales.<\/p><p>Su abordaje individualizado y su mirada art\u00edstica lo han hecho conocido por transformar no solo rostros, sino tambi\u00e9n la autoestima de sus pacientes.<\/p><p>Reconocido por su actuaci\u00f3n \u00e9tica, t\u00e9cnica y cient\u00edfica, es miembro de algunas de las principales sociedades m\u00e9dicas internacionales:<\/p><ul><li class=\"translation-block\">Sociedad Brasile\u00f1a de Cirug\u00eda Pl\u00e1stica (SBCP)<\/li><li>International Society of Aesthetic Plastic Surgery (ISAPS)<strong>ISAPS<\/strong>)<\/li><li class=\"translation-block\">The Rhinoplasty Society (EUA)<\/li><li>Rhinoplasty Society of Europe<\/li><\/ul><p class=\"translation-block\">Adem\u00e1s de la pr\u00e1ctica cl\u00ednica, el Dr. Tiago tambi\u00e9n se destaca como <b>ponente en congresos nacionales e internacionales, <\/b>contribuyendo activamente al avance de la rinoplastia en el mundo.<\/p><p>Ya sea en Brasil o en el extranjero, su nombre est\u00e1 directamente asociado a la precisi\u00f3n quir\u00fargica, la innovaci\u00f3n t\u00e9cnica y la humanizaci\u00f3n de la atenci\u00f3n.<\/p>\t\t\t\t\t\t\t\t<\/div>\n\t\t\t\t<\/div>\n\t\t\t\t\t<\/div>\n\t\t\t\t<\/div>\n\t\t<div class=\"elementor-element elementor-element-7792f6a e-flex e-con-boxed e-con e-parent\" data-id=\"7792f6a\" data-element_type=\"container\" data-e-type=\"container\" data-settings=\"{&quot;background_background&quot;:&quot;classic&quot;}\">\n\t\t\t\t\t<div class=\"e-con-inner\">\n\t\t\t\t<div class=\"elementor-element elementor-element-2aa5386 elementor-position-top elementor-widget elementor-widget-image-box\" data-id=\"2aa5386\" data-element_type=\"widget\" data-e-type=\"widget\" data-widget_type=\"image-box.default\">\n\t\t\t\t\t<div class=\"elementor-image-box-wrapper\"><figure class=\"elementor-image-box-img\"><img loading=\"lazy\" decoding=\"async\" width=\"184\" height=\"268\" src=\"https:\/\/drtiagolyrio.com\/wp-content\/uploads\/2025\/05\/atendimento.png\" class=\"attachment-full size-full wp-image-26\" alt=\"\" \/><\/figure><div class=\"elementor-image-box-content\"><h2 class=\"elementor-image-box-title translation-block\">\u00bfTiene alguna <b>duda<\/b>?<\/h2><p class=\"elementor-image-box-description\">Nuestra concierge Luciana est\u00e1 lista para ayudarle.<br>\nHaz clic en el bot\u00f3n y habla directamente con ella.<\/p><\/div><\/div>\t\t\t\t<\/div>\n\t\t\t\t<div class=\"elementor-element elementor-element-13dfee9 elementor-align-center bt-orange elementor-widget elementor-widget-button\" data-id=\"13dfee9\" data-element_type=\"widget\" data-e-type=\"widget\" data-widget_type=\"button.default\">\n\t\t\t\t\t\t\t\t\t\t<a class=\"elementor-button elementor-button-link elementor-size-sm\" href=\"https:\/\/wa.me\/556198509631\" target=\"_blank\" rel=\"nofollow\">\n\t\t\t\t\t\t<span class=\"elementor-button-content-wrapper\">\n\t\t\t\t\t\t\t\t\t<span class=\"elementor-button-text\">Hablar con Luciana<\/span>\n\t\t\t\t\t<\/span>\n\t\t\t\t\t<\/a>\n\t\t\t\t\t\t\t\t<\/div>\n\t\t\t\t\t<\/div>\n\t\t\t\t<\/div>\n\t\t\t\t<\/div>","protected":false},"excerpt":{"rendered":"<p>Transmiss\u00e3o de uma Rinoplastia Secund\u00e1ria com Extrema retra\u00e7\u00e3o da Margem Alar Curso in\u00e9dito do Dr. Tiago Lyrio, ap\u00f3s mais de 10 anos de espera. \ud83c\udfa5 + de 100 v\u00eddeos em alta performance\ud83c\udf93 Masterclass exclusiva\ud83e\udde0 Mentoria semanal no Zoom com o Dr. Tiago Lyrio\ud83d\udcac Grupo exclusivo no WhatsApp Entrar para o Revision Rhinoplasty Mastercraft Acesso Imediato [&hellip;]<\/p>\n","protected":false},"author":1,"featured_media":0,"parent":0,"menu_order":0,"comment_status":"closed","ping_status":"closed","template":"","meta":{"_acf_changed":false,"inline_featured_image":false,"footnotes":""},"class_list":["post-723","page","type-page","status-publish","hentry"],"acf":[],"_links":{"self":[{"href":"https:\/\/drtiagolyrio.com\/es\/wp-json\/wp\/v2\/pages\/723","targetHints":{"allow":["GET"]}}],"collection":[{"href":"https:\/\/drtiagolyrio.com\/es\/wp-json\/wp\/v2\/pages"}],"about":[{"href":"https:\/\/drtiagolyrio.com\/es\/wp-json\/wp\/v2\/types\/page"}],"author":[{"embeddable":true,"href":"https:\/\/drtiagolyrio.com\/es\/wp-json\/wp\/v2\/users\/1"}],"replies":[{"embeddable":true,"href":"https:\/\/drtiagolyrio.com\/es\/wp-json\/wp\/v2\/comments?post=723"}],"version-history":[{"count":75,"href":"https:\/\/drtiagolyrio.com\/es\/wp-json\/wp\/v2\/pages\/723\/revisions"}],"predecessor-version":[{"id":853,"href":"https:\/\/drtiagolyrio.com\/es\/wp-json\/wp\/v2\/pages\/723\/revisions\/853"}],"wp:attachment":[{"href":"https:\/\/drtiagolyrio.com\/es\/wp-json\/wp\/v2\/media?parent=723"}],"curies":[{"name":"wp","href":"https:\/\/api.w.org\/{rel}","templated":true}]}}