{"id":800,"date":"2026-01-09T09:08:28","date_gmt":"2026-01-09T12:08:28","guid":{"rendered":"https:\/\/drtiagolyrio.com\/?page_id=800"},"modified":"2026-01-09T09:10:15","modified_gmt":"2026-01-09T12:10:15","slug":"escolha-o-idioma","status":"publish","type":"page","link":"https:\/\/drtiagolyrio.com\/es\/aula-vip\/escolha-o-idioma\/","title":{"rendered":"Escolha o Idioma"},"content":{"rendered":"<div data-elementor-type=\"wp-page\" data-elementor-id=\"800\" class=\"elementor elementor-800\" data-elementor-post-type=\"page\">\n\t\t\t\t<div class=\"elementor-element elementor-element-b749e65 e-flex e-con-boxed e-con e-parent\" data-id=\"b749e65\" data-element_type=\"container\" data-e-type=\"container\" data-settings=\"{&quot;background_background&quot;:&quot;classic&quot;}\">\n\t\t\t\t\t<div class=\"e-con-inner\">\n\t\t\t\t<div class=\"elementor-element elementor-element-57f9d5b elementor-widget elementor-widget-heading\" data-id=\"57f9d5b\" data-element_type=\"widget\" data-e-type=\"widget\" data-widget_type=\"heading.default\">\n\t\t\t\t\t<h1 class=\"elementor-heading-title elementor-size-default translation-block\"><i>Transmisi\u00f3n de una Rinoplastia Secundaria con Extrema Retracci\u00f3n del Borde Alar<\/i> con el Dr. Tiago Lyrio<\/h1>\t\t\t\t<\/div>\n\t\t\t\t<div class=\"elementor-element elementor-element-d3452e0 elementor-widget elementor-widget-text-editor\" data-id=\"d3452e0\" data-element_type=\"widget\" data-e-type=\"widget\" data-widget_type=\"text-editor.default\">\n\t\t\t\t\t\t\t\t\t<p><em>Choose your favorite language:<\/em><\/p><p><em>Elige tu idioma favorito:<\/em><\/p><p><em>Escolha seu idioma favorito:<\/em><\/p>\t\t\t\t\t\t\t\t<\/div>\n\t\t<div class=\"elementor-element elementor-element-6f5d197 e-con-full e-flex e-con e-child\" data-id=\"6f5d197\" data-element_type=\"container\" data-e-type=\"container\">\n\t\t\t\t<div class=\"elementor-element elementor-element-5885c48 elementor-widget elementor-widget-image\" data-id=\"5885c48\" data-element_type=\"widget\" data-e-type=\"widget\" data-widget_type=\"image.default\">\n\t\t\t\t\t\t\t\t\t\t\t\t\t\t\t\t<a href=\"https:\/\/drtiagolyrio.com\/es\/aula-vip\/\">\n\t\t\t\t\t\t\t<img decoding=\"async\" width=\"195\" height=\"195\" src=\"https:\/\/drtiagolyrio.com\/wp-content\/uploads\/2025\/06\/en.png\" class=\"attachment-full size-full wp-image-178\" alt=\"\" srcset=\"https:\/\/drtiagolyrio.com\/wp-content\/uploads\/2025\/06\/en.png 195w, https:\/\/drtiagolyrio.com\/wp-content\/uploads\/2025\/06\/en-150x150.png 150w, https:\/\/drtiagolyrio.com\/wp-content\/uploads\/2025\/06\/en-12x12.png 12w\" sizes=\"(max-width: 195px) 100vw, 195px\" \/>\t\t\t\t\t\t\t\t<\/a>\n\t\t\t\t\t\t\t\t\t\t\t\t\t\t\t<\/div>\n\t\t\t\t<div class=\"elementor-element elementor-element-ca8a17b elementor-widget elementor-widget-image\" data-id=\"ca8a17b\" data-element_type=\"widget\" data-e-type=\"widget\" data-widget_type=\"image.default\">\n\t\t\t\t\t\t\t\t\t\t\t\t\t\t\t\t<a href=\"https:\/\/drtiagolyrio.com\/en\/aula-vip\/\">\n\t\t\t\t\t\t\t<img decoding=\"async\" width=\"195\" height=\"195\" src=\"https:\/\/drtiagolyrio.com\/wp-content\/uploads\/2025\/06\/uk.png\" class=\"attachment-full size-full wp-image-180\" alt=\"\" srcset=\"https:\/\/drtiagolyrio.com\/wp-content\/uploads\/2025\/06\/uk.png 195w, https:\/\/drtiagolyrio.com\/wp-content\/uploads\/2025\/06\/uk-150x150.png 150w, https:\/\/drtiagolyrio.com\/wp-content\/uploads\/2025\/06\/uk-12x12.png 12w\" sizes=\"(max-width: 195px) 100vw, 195px\" \/>\t\t\t\t\t\t\t\t<\/a>\n\t\t\t\t\t\t\t\t\t\t\t\t\t\t\t<\/div>\n\t\t\t\t<div class=\"elementor-element elementor-element-d01072c elementor-widget elementor-widget-image\" data-id=\"d01072c\" data-element_type=\"widget\" data-e-type=\"widget\" data-widget_type=\"image.default\">\n\t\t\t\t\t\t\t\t\t\t\t\t\t\t\t\t<a href=\"https:\/\/drtiagolyrio.com\/es\/aula-vip\/\">\n\t\t\t\t\t\t\t<img decoding=\"async\" width=\"195\" height=\"195\" src=\"https:\/\/drtiagolyrio.com\/wp-content\/uploads\/2025\/06\/pt.png\" class=\"attachment-full size-full wp-image-179\" alt=\"\" srcset=\"https:\/\/drtiagolyrio.com\/wp-content\/uploads\/2025\/06\/pt.png 195w, https:\/\/drtiagolyrio.com\/wp-content\/uploads\/2025\/06\/pt-150x150.png 150w, https:\/\/drtiagolyrio.com\/wp-content\/uploads\/2025\/06\/pt-12x12.png 12w\" sizes=\"(max-width: 195px) 100vw, 195px\" \/>\t\t\t\t\t\t\t\t<\/a>\n\t\t\t\t\t\t\t\t\t\t\t\t\t\t\t<\/div>\n\t\t\t\t<\/div>\n\t\t\t\t\t<\/div>\n\t\t\t\t<\/div>\n\t\t\t\t<\/div>","protected":false},"excerpt":{"rendered":"<p>Transmiss\u00e3o de uma Rinoplastia Secund\u00e1ria com Extrema retra\u00e7\u00e3o da Margem Alar Com o Dr. Tiago Lyrio Choose your favorite language: Elige tu idioma favorito: Escolha seu idioma favorito:<\/p>","protected":false},"author":1,"featured_media":0,"parent":656,"menu_order":0,"comment_status":"closed","ping_status":"closed","template":"","meta":{"_acf_changed":false,"inline_featured_image":false,"footnotes":""},"class_list":["post-800","page","type-page","status-publish","hentry"],"acf":[],"_links":{"self":[{"href":"https:\/\/drtiagolyrio.com\/es\/wp-json\/wp\/v2\/pages\/800","targetHints":{"allow":["GET"]}}],"collection":[{"href":"https:\/\/drtiagolyrio.com\/es\/wp-json\/wp\/v2\/pages"}],"about":[{"href":"https:\/\/drtiagolyrio.com\/es\/wp-json\/wp\/v2\/types\/page"}],"author":[{"embeddable":true,"href":"https:\/\/drtiagolyrio.com\/es\/wp-json\/wp\/v2\/users\/1"}],"replies":[{"embeddable":true,"href":"https:\/\/drtiagolyrio.com\/es\/wp-json\/wp\/v2\/comments?post=800"}],"version-history":[{"count":10,"href":"https:\/\/drtiagolyrio.com\/es\/wp-json\/wp\/v2\/pages\/800\/revisions"}],"predecessor-version":[{"id":810,"href":"https:\/\/drtiagolyrio.com\/es\/wp-json\/wp\/v2\/pages\/800\/revisions\/810"}],"up":[{"embeddable":true,"href":"https:\/\/drtiagolyrio.com\/es\/wp-json\/wp\/v2\/pages\/656"}],"wp:attachment":[{"href":"https:\/\/drtiagolyrio.com\/es\/wp-json\/wp\/v2\/media?parent=800"}],"curies":[{"name":"wp","href":"https:\/\/api.w.org\/{rel}","templated":true}]}}